{"id":9,"date":"2023-08-20T18:33:56","date_gmt":"2023-08-20T16:33:56","guid":{"rendered":"https:\/\/rotanga.fr\/?page_id=9"},"modified":"2024-12-04T14:21:35","modified_gmt":"2024-12-04T13:21:35","slug":"accueil","status":"publish","type":"page","link":"https:\/\/rotanga.fr\/","title":{"rendered":"Accueil"},"content":{"rendered":"\n<div class=\"wp-block-cover alignfull is-light\" style=\"min-height:700px;aspect-ratio:unset;\"><span aria-hidden=\"true\" class=\"wp-block-cover__background has-background-dim-0 has-background-dim\"><\/span><img loading=\"lazy\" decoding=\"async\" width=\"2560\" height=\"1703\" class=\"wp-block-cover__image-background wp-image-197\" alt=\"\" src=\"https:\/\/rotanga.fr\/wp-content\/uploads\/2023\/10\/photo-99-scaled.jpg\" data-object-fit=\"cover\" srcset=\"https:\/\/rotanga.fr\/wp-content\/uploads\/2023\/10\/photo-99-scaled.jpg 2560w, https:\/\/rotanga.fr\/wp-content\/uploads\/2023\/10\/photo-99-300x200.jpg 300w, https:\/\/rotanga.fr\/wp-content\/uploads\/2023\/10\/photo-99-1024x681.jpg 1024w, https:\/\/rotanga.fr\/wp-content\/uploads\/2023\/10\/photo-99-768x511.jpg 768w, https:\/\/rotanga.fr\/wp-content\/uploads\/2023\/10\/photo-99-1536x1022.jpg 1536w, https:\/\/rotanga.fr\/wp-content\/uploads\/2023\/10\/photo-99-2048x1363.jpg 2048w, https:\/\/rotanga.fr\/wp-content\/uploads\/2023\/10\/photo-99-930x620.jpg 930w\" sizes=\"auto, (max-width: 2560px) 100vw, 2560px\" \/><div class=\"wp-block-cover__inner-container is-layout-flow wp-block-cover-is-layout-flow\">\n<div style=\"height:80px\" aria-hidden=\"true\" class=\"wp-block-spacer\"><\/div>\n\n\n\n<h1 class=\"wp-block-heading has-text-align-center has-neve-text-color-color has-text-color\">Cr\u00e9ation d&#8217;exception<\/h1>\n\n\n\n<p class=\"has-text-align-center has-neve-text-color-color has-text-color\" style=\"font-size:18px\"><strong>En exclusivit\u00e9 notre nouvelle collection. Fabriqu\u00e9e aux Philippines avec un savoir-faire artisanal purement traditionnel<\/strong><\/p>\n\n\n\n<div class=\"wp-block-buttons is-content-justification-center is-layout-flex wp-container-core-buttons-is-layout-16018d1d wp-block-buttons-is-layout-flex\">\n<div class=\"wp-block-button\"><a class=\"wp-block-button__link has-nv-dark-bg-color has-neve-link-color-background-color has-text-color has-background wp-element-button\" href=\"https:\/\/rotanga.fr\/index.php\/contact\/\">En savoir plus<\/a><\/div>\n<\/div>\n\n\n\n<div style=\"height:80px\" aria-hidden=\"true\" class=\"wp-block-spacer\"><\/div>\n\n\n\n<div style=\"height:80px\" aria-hidden=\"true\" class=\"wp-block-spacer\"><\/div>\n\n\n\n<p><\/p>\n<\/div><\/div>\n\n\n\n<div style=\"height:56px\" aria-hidden=\"true\" class=\"wp-block-spacer\"><\/div>\n\n\n\n<div class=\"wp-block-columns is-layout-flex wp-container-core-columns-is-layout-9d6595d7 wp-block-columns-is-layout-flex\">\n<div class=\"wp-block-column is-layout-flow wp-block-column-is-layout-flow\"><div class=\"wp-block-image icon-style is-style-default\">\n<figure class=\"aligncenter is-resized\"><img decoding=\"async\" src=\"https:\/\/rotanga.fr\/wp-content\/themes\/neve\/assets\/img\/starter-content\/icon-03.svg\" alt=\"\" style=\"width:48px;height:48px\"\/><\/figure><\/div>\n\n\n<div style=\"height:20px\" aria-hidden=\"true\" class=\"wp-block-spacer\"><\/div>\n\n\n\n<h3 class=\"wp-block-heading has-text-align-center has-neve-text-color-color has-text-color\">Fait main<\/h3>\n\n\n\n<p class=\"has-text-align-center\">Chacun de nos produits est confectionn\u00e9 minutieusement \u00e0 la main. Cr\u00e9\u00e9 et dessin\u00e9 par notre designer pour une collection exclusive<\/p>\n\n\n\n<div style=\"height:20px\" aria-hidden=\"true\" class=\"wp-block-spacer\"><\/div>\n<\/div>\n\n\n\n<div class=\"wp-block-column is-layout-flow wp-block-column-is-layout-flow\"><div class=\"wp-block-image icon-style is-style-default\">\n<figure class=\"aligncenter is-resized\"><img decoding=\"async\" src=\"https:\/\/rotanga.fr\/wp-content\/themes\/neve\/assets\/img\/starter-content\/icon-02.svg\" alt=\"\" style=\"width:48px;height:48px\"\/><\/figure><\/div>\n\n\n<div style=\"height:20px\" aria-hidden=\"true\" class=\"wp-block-spacer\"><\/div>\n\n\n\n<h3 class=\"wp-block-heading has-text-align-center has-neve-text-color-color has-text-color\">Savoir-faire<\/h3>\n\n\n\n<p class=\"has-text-align-center\">Le savoir-faire de nos artisans philippins est \u00e0 l\u2019origine de la fabrication de nos produits. Ils sont confectionn\u00e9s avec soin dans deux ateliers o\u00f9 se perp\u00e9tuent des techniques ancestrales et artisanales d\u2019exception<\/p>\n\n\n\n<div style=\"height:20px\" aria-hidden=\"true\" class=\"wp-block-spacer\"><\/div>\n<\/div>\n\n\n\n<div class=\"wp-block-column is-layout-flow wp-block-column-is-layout-flow\"><div class=\"wp-block-image icon-style is-style-rounded\">\n<figure class=\"aligncenter is-resized\"><img decoding=\"async\" src=\"https:\/\/rotanga.fr\/wp-content\/themes\/neve\/assets\/img\/starter-content\/icon-01.svg\" alt=\"\" style=\"width:48px;height:48px\"\/><\/figure><\/div>\n\n\n<div style=\"height:20px\" aria-hidden=\"true\" class=\"wp-block-spacer\"><\/div>\n\n\n\n<h3 class=\"wp-block-heading has-text-align-center has-neve-text-color-color has-text-color\">Qualit\u00e9<\/h3>\n\n\n\n<p class=\"has-text-align-center\">Chaque pi\u00e8ce est con\u00e7ue avec minutie pour offrir une qualit\u00e9 unique \u00e0 partir d&#8217;une s\u00e9lection rigoureuse des mati\u00e8res premi\u00e8res<\/p>\n\n\n\n<div style=\"height:20px\" aria-hidden=\"true\" class=\"wp-block-spacer\"><\/div>\n<\/div>\n<\/div>\n\n\n\n<div class=\"wp-block-cover alignfull has-nv-text-dark-bg-color has-text-color\" style=\"min-height:600px;aspect-ratio:unset;\"><span aria-hidden=\"true\" class=\"wp-block-cover__background has-nv-dark-bg-background-color has-background-dim-100 has-background-dim\"><\/span><div class=\"wp-block-cover__inner-container is-layout-flow wp-block-cover-is-layout-flow\">\n<div class=\"wp-block-group\"><div class=\"wp-block-group__inner-container is-layout-flow wp-block-group-is-layout-flow\">\n<div style=\"height:80px\" aria-hidden=\"true\" class=\"wp-block-spacer\"><\/div>\n\n\n\n<div class=\"wp-block-columns are-vertically-aligned-center is-layout-flex wp-container-core-columns-is-layout-9d6595d7 wp-block-columns-is-layout-flex\">\n<div class=\"wp-block-column is-vertically-aligned-center is-layout-flow wp-block-column-is-layout-flow\" style=\"flex-basis:50%\">\n<figure class=\"wp-block-image size-large\"><img loading=\"lazy\" decoding=\"async\" width=\"1024\" height=\"1008\" src=\"https:\/\/rotanga.fr\/wp-content\/uploads\/2023\/10\/photo-27-scaled-e1698427125278-1024x1008.jpg\" alt=\"\" class=\"wp-image-210\" srcset=\"https:\/\/rotanga.fr\/wp-content\/uploads\/2023\/10\/photo-27-scaled-e1698427125278-1024x1008.jpg 1024w, https:\/\/rotanga.fr\/wp-content\/uploads\/2023\/10\/photo-27-scaled-e1698427125278-300x295.jpg 300w, https:\/\/rotanga.fr\/wp-content\/uploads\/2023\/10\/photo-27-scaled-e1698427125278-768x756.jpg 768w, https:\/\/rotanga.fr\/wp-content\/uploads\/2023\/10\/photo-27-scaled-e1698427125278-1536x1513.jpg 1536w, https:\/\/rotanga.fr\/wp-content\/uploads\/2023\/10\/photo-27-scaled-e1698427125278.jpg 1702w\" sizes=\"auto, (max-width: 1024px) 100vw, 1024px\" \/><\/figure>\n<\/div>\n\n\n\n<div class=\"wp-block-column is-vertically-aligned-center is-layout-flow wp-block-column-is-layout-flow\" style=\"flex-basis:50%\">\n<div style=\"height:20px\" aria-hidden=\"true\" class=\"wp-block-spacer\"><\/div>\n\n\n\n<h2 class=\"wp-block-heading has-text-align-left has-nv-light-bg-color has-text-color\">Collection<\/h2>\n\n\n\n<p class=\"has-text-align-left has-neve-text-color-color has-text-color\" style=\"font-size:17px\">La collection Rotanga est n\u00e9e de la rencontre du design et de la fibre naturelle.<\/p>\n\n\n\n<p>Bienvenue sur notre site sp\u00e9cialis\u00e9 dans la fabrication de meubles en rotin haut de gamme, enti\u00e8rement r\u00e9alis\u00e9s \u00e0 la main aux Philippines.<\/p>\n\n\n\n<div class=\"wp-block-buttons is-content-justification-left is-layout-flex wp-container-core-buttons-is-layout-fdcfc74e wp-block-buttons-is-layout-flex\">\n<div class=\"wp-block-button is-style-primary\"><a class=\"wp-block-button__link wp-element-button\" href=\"https:\/\/rotanga.fr\/index.php\/a-propos\/\">\u00c0 propos<\/a><\/div>\n<\/div>\n<\/div>\n<\/div>\n\n\n\n<div style=\"height:40px\" aria-hidden=\"true\" class=\"wp-block-spacer\"><\/div>\n<\/div><\/div>\n<\/div><\/div>\n\n\n\n<div class=\"wp-block-cover alignfull\" style=\"min-height:600px;aspect-ratio:unset;\"><span aria-hidden=\"true\" class=\"wp-block-cover__background has-nv-site-bg-background-color has-background-dim-100 has-background-dim\"><\/span><div class=\"wp-block-cover__inner-container is-layout-flow wp-block-cover-is-layout-flow\">\n<div class=\"wp-block-group\"><div class=\"wp-block-group__inner-container is-layout-flow wp-block-group-is-layout-flow\">\n<div style=\"height:80px\" aria-hidden=\"true\" class=\"wp-block-spacer\"><\/div>\n\n\n\n<div class=\"wp-block-columns are-vertically-aligned-center is-layout-flex wp-container-core-columns-is-layout-9d6595d7 wp-block-columns-is-layout-flex\">\n<div class=\"wp-block-column is-vertically-aligned-center is-layout-flow wp-block-column-is-layout-flow\" style=\"flex-basis:50%\">\n<h2 class=\"wp-block-heading has-text-align-left has-neve-text-color-color has-text-color\">Le rotin<\/h2>\n\n\n\n<p class=\"has-text-align-left has-neve-text-color-color has-text-color\" style=\"font-size:17px\">Le rotin est une plante grimpante qui pousse dans les r\u00e9gions tropicales. Ces meubles sont l\u00e9gers, durables et faciles d&#8217;entretien. Le rotin est \u00e9galement flexible, ce qui permet de cr\u00e9er des designs uniques et confortables. <\/p>\n\n\n\n<p class=\"has-text-align-left has-neve-text-color-color has-text-color\" style=\"font-size:17px\">De plus, le rotin est une ressource renouvelable et \u00e9cologique, ce qui en fait un choix respectueux de l&#8217;environnement pour les meubles.<\/p>\n\n\n\n<div class=\"wp-block-buttons is-content-justification-left is-layout-flex wp-container-core-buttons-is-layout-fdcfc74e wp-block-buttons-is-layout-flex\">\n<div class=\"wp-block-button is-style-primary\"><a class=\"wp-block-button__link wp-element-button\" href=\"https:\/\/rotanga.fr\/index.php\/a-propos\/\">\u00c0 propos<\/a><\/div>\n<\/div>\n\n\n\n<div style=\"height:40px\" aria-hidden=\"true\" class=\"wp-block-spacer\"><\/div>\n<\/div>\n\n\n\n<div class=\"wp-block-column is-vertically-aligned-center is-layout-flow wp-block-column-is-layout-flow\" style=\"flex-basis:50%\">\n<figure class=\"wp-block-gallery has-nested-images columns-default is-cropped wp-block-gallery-1 is-layout-flex wp-block-gallery-is-layout-flex\">\n<figure class=\"wp-block-image size-large\"><img loading=\"lazy\" decoding=\"async\" width=\"1024\" height=\"681\" data-id=\"214\" src=\"https:\/\/rotanga.fr\/wp-content\/uploads\/2023\/10\/photo-50-1024x681.jpg\" alt=\"\" class=\"wp-image-214\" srcset=\"https:\/\/rotanga.fr\/wp-content\/uploads\/2023\/10\/photo-50-1024x681.jpg 1024w, https:\/\/rotanga.fr\/wp-content\/uploads\/2023\/10\/photo-50-300x200.jpg 300w, https:\/\/rotanga.fr\/wp-content\/uploads\/2023\/10\/photo-50-768x511.jpg 768w, https:\/\/rotanga.fr\/wp-content\/uploads\/2023\/10\/photo-50-1536x1022.jpg 1536w, https:\/\/rotanga.fr\/wp-content\/uploads\/2023\/10\/photo-50-2048x1363.jpg 2048w\" sizes=\"auto, (max-width: 1024px) 100vw, 1024px\" \/><\/figure>\n<\/figure>\n<\/div>\n<\/div>\n\n\n\n<div style=\"height:40px\" aria-hidden=\"true\" class=\"wp-block-spacer\"><\/div>\n<\/div><\/div>\n<\/div><\/div>\n\n\n\n<div class=\"wp-block-cover alignfull\" style=\"min-height:600px;aspect-ratio:unset;\"><span aria-hidden=\"true\" class=\"wp-block-cover__background has-nv-dark-bg-background-color has-background-dim-100 has-background-dim\"><\/span><div class=\"wp-block-cover__inner-container is-layout-flow wp-block-cover-is-layout-flow\">\n<div class=\"wp-block-group\"><div class=\"wp-block-group__inner-container is-layout-flow wp-block-group-is-layout-flow\">\n<div style=\"height:80px\" aria-hidden=\"true\" class=\"wp-block-spacer\"><\/div>\n\n\n\n<div class=\"wp-block-columns are-vertically-aligned-center is-layout-flex wp-container-core-columns-is-layout-9d6595d7 wp-block-columns-is-layout-flex\">\n<div class=\"wp-block-column is-vertically-aligned-center is-layout-flow wp-block-column-is-layout-flow\" style=\"flex-basis:50%\">\n<figure class=\"wp-block-image size-large\"><img loading=\"lazy\" decoding=\"async\" width=\"681\" height=\"1024\" src=\"https:\/\/rotanga.fr\/wp-content\/uploads\/2023\/10\/photo-22-681x1024.jpg\" alt=\"\" class=\"wp-image-209\" srcset=\"https:\/\/rotanga.fr\/wp-content\/uploads\/2023\/10\/photo-22-681x1024.jpg 681w, https:\/\/rotanga.fr\/wp-content\/uploads\/2023\/10\/photo-22-200x300.jpg 200w, https:\/\/rotanga.fr\/wp-content\/uploads\/2023\/10\/photo-22-768x1154.jpg 768w, https:\/\/rotanga.fr\/wp-content\/uploads\/2023\/10\/photo-22-1022x1536.jpg 1022w, https:\/\/rotanga.fr\/wp-content\/uploads\/2023\/10\/photo-22-1363x2048.jpg 1363w, https:\/\/rotanga.fr\/wp-content\/uploads\/2023\/10\/photo-22-scaled.jpg 1703w\" sizes=\"auto, (max-width: 681px) 100vw, 681px\" \/><\/figure>\n<\/div>\n\n\n\n<div class=\"wp-block-column is-vertically-aligned-center is-layout-flow wp-block-column-is-layout-flow\" style=\"flex-basis:50%\">\n<div style=\"height:40px\" aria-hidden=\"true\" class=\"wp-block-spacer\"><\/div>\n\n\n\n<h2 class=\"wp-block-heading has-text-align-left has-nv-text-dark-bg-color has-text-color\">Nos valeurs<\/h2>\n\n\n\n<p class=\"has-text-align-left has-nv-text-dark-bg-color has-text-color\" style=\"font-size:17px\">Les valeurs de ROTANGA se refl\u00e8tent dans chacune des pi\u00e8ces de la collection, alliant l&#8217;\u00e9l\u00e9gance intemporelle, l&#8217;artisanat d&#8217;exception et le respect de l&#8217;environnement.<\/p>\n\n\n\n<div class=\"wp-block-buttons is-content-justification-left is-layout-flex wp-container-core-buttons-is-layout-fdcfc74e wp-block-buttons-is-layout-flex\">\n<div class=\"wp-block-button is-style-primary\"><a class=\"wp-block-button__link wp-element-button\" href=\"https:\/\/rotanga.fr\/index.php\/a-propos\/\">\u00c0 propos<\/a><\/div>\n<\/div>\n<\/div>\n<\/div>\n\n\n\n<div style=\"height:40px\" aria-hidden=\"true\" class=\"wp-block-spacer\"><\/div>\n<\/div><\/div>\n<\/div><\/div>\n\n\n\n<div style=\"height:40px\" aria-hidden=\"true\" class=\"wp-block-spacer\"><\/div>\n\n\n\n<div class=\"wp-block-cover alignfull\" style=\"min-height:600px;aspect-ratio:unset;\"><span aria-hidden=\"true\" class=\"wp-block-cover__background has-nv-site-bg-background-color has-background-dim-100 has-background-dim\"><\/span><div class=\"wp-block-cover__inner-container is-layout-flow wp-block-cover-is-layout-flow\">\n<div class=\"wp-block-group\"><div class=\"wp-block-group__inner-container is-layout-flow wp-block-group-is-layout-flow\">\n<div style=\"height:80px\" aria-hidden=\"true\" class=\"wp-block-spacer\"><\/div>\n\n\n\n<h2 class=\"wp-block-heading has-neve-text-color-color has-text-color\">Ambiance naturelle<\/h2>\n\n\n\n<div style=\"height:20px\" aria-hidden=\"true\" class=\"wp-block-spacer\"><\/div>\n\n\n\n<div class=\"wp-block-columns are-vertically-aligned-center is-layout-flex wp-container-core-columns-is-layout-9d6595d7 wp-block-columns-is-layout-flex\">\n<div class=\"wp-block-column is-vertically-aligned-center is-layout-flow wp-block-column-is-layout-flow\" style=\"flex-basis:50%\">\n<figure class=\"wp-block-image size-large\"><img loading=\"lazy\" decoding=\"async\" width=\"1024\" height=\"681\" src=\"https:\/\/rotanga.fr\/wp-content\/uploads\/2023\/08\/HLD_1835-1024x681.jpg\" alt=\"\" class=\"wp-image-83\" srcset=\"https:\/\/rotanga.fr\/wp-content\/uploads\/2023\/08\/HLD_1835-1024x681.jpg 1024w, https:\/\/rotanga.fr\/wp-content\/uploads\/2023\/08\/HLD_1835-300x200.jpg 300w, https:\/\/rotanga.fr\/wp-content\/uploads\/2023\/08\/HLD_1835-768x511.jpg 768w, https:\/\/rotanga.fr\/wp-content\/uploads\/2023\/08\/HLD_1835-1536x1022.jpg 1536w, https:\/\/rotanga.fr\/wp-content\/uploads\/2023\/08\/HLD_1835-2048x1363.jpg 2048w\" sizes=\"auto, (max-width: 1024px) 100vw, 1024px\" \/><\/figure>\n\n\n\n<div style=\"height:40px\" aria-hidden=\"true\" class=\"wp-block-spacer\"><\/div>\n<\/div>\n\n\n\n<div class=\"wp-block-column is-vertically-aligned-center is-layout-flow wp-block-column-is-layout-flow\" style=\"flex-basis:50%\">\n<figure class=\"wp-block-image size-large\"><img loading=\"lazy\" decoding=\"async\" width=\"1024\" height=\"681\" src=\"https:\/\/rotanga.fr\/wp-content\/uploads\/2023\/08\/HLD_1842-1024x681.jpg\" alt=\"\" class=\"wp-image-87\" srcset=\"https:\/\/rotanga.fr\/wp-content\/uploads\/2023\/08\/HLD_1842-1024x681.jpg 1024w, https:\/\/rotanga.fr\/wp-content\/uploads\/2023\/08\/HLD_1842-300x200.jpg 300w, https:\/\/rotanga.fr\/wp-content\/uploads\/2023\/08\/HLD_1842-768x511.jpg 768w, https:\/\/rotanga.fr\/wp-content\/uploads\/2023\/08\/HLD_1842-1536x1022.jpg 1536w, https:\/\/rotanga.fr\/wp-content\/uploads\/2023\/08\/HLD_1842-2048x1363.jpg 2048w\" sizes=\"auto, (max-width: 1024px) 100vw, 1024px\" \/><\/figure>\n\n\n\n<div style=\"height:40px\" aria-hidden=\"true\" class=\"wp-block-spacer\"><\/div>\n<\/div>\n<\/div>\n\n\n\n<p><a href=\"https:\/\/rotanga.fr\/index.php\/contact\/\">Contact<\/a> &#8211; <a href=\"https:\/\/rotanga.fr\/index.php\/politique-de-confidentialite\/\">Politique de confidentialit\u00e9<\/a> <\/p>\n\n\n\n<div style=\"height:40px\" aria-hidden=\"true\" class=\"wp-block-spacer\"><\/div>\n<\/div><\/div>\n<\/div><\/div>\n","protected":false},"excerpt":{"rendered":"<p>Fait main Chacun de nos produits est confectionn\u00e9 minutieusement \u00e0 la main. Cr\u00e9\u00e9 et dessin\u00e9 par notre designer pour une collection exclusive Savoir-faire Le savoir-faire de nos artisans philippins est \u00e0 l\u2019origine de la fabrication de nos produits. Ils sont confectionn\u00e9s avec soin dans deux ateliers o\u00f9 se perp\u00e9tuent des techniques ancestrales et artisanales d\u2019exception&hellip;&nbsp;<a href=\"https:\/\/rotanga.fr\/\" rel=\"bookmark\">Read More &raquo;<span class=\"screen-reader-text\">Accueil<\/span><\/a><\/p>\n","protected":false},"author":1,"featured_media":31,"parent":0,"menu_order":0,"comment_status":"closed","ping_status":"closed","template":"","meta":{"neve_meta_sidebar":"","neve_meta_container":"","neve_meta_enable_content_width":"on","neve_meta_content_width":100,"neve_meta_title_alignment":"","neve_meta_author_avatar":"","neve_post_elements_order":"","neve_meta_disable_header":"","neve_meta_disable_footer":"","neve_meta_disable_title":"on","footnotes":""},"class_list":["post-9","page","type-page","status-publish","has-post-thumbnail","hentry"],"_links":{"self":[{"href":"https:\/\/rotanga.fr\/index.php\/wp-json\/wp\/v2\/pages\/9","targetHints":{"allow":["GET"]}}],"collection":[{"href":"https:\/\/rotanga.fr\/index.php\/wp-json\/wp\/v2\/pages"}],"about":[{"href":"https:\/\/rotanga.fr\/index.php\/wp-json\/wp\/v2\/types\/page"}],"author":[{"embeddable":true,"href":"https:\/\/rotanga.fr\/index.php\/wp-json\/wp\/v2\/users\/1"}],"replies":[{"embeddable":true,"href":"https:\/\/rotanga.fr\/index.php\/wp-json\/wp\/v2\/comments?post=9"}],"version-history":[{"count":37,"href":"https:\/\/rotanga.fr\/index.php\/wp-json\/wp\/v2\/pages\/9\/revisions"}],"predecessor-version":[{"id":352,"href":"https:\/\/rotanga.fr\/index.php\/wp-json\/wp\/v2\/pages\/9\/revisions\/352"}],"wp:featuredmedia":[{"embeddable":true,"href":"https:\/\/rotanga.fr\/index.php\/wp-json\/wp\/v2\/media\/31"}],"wp:attachment":[{"href":"https:\/\/rotanga.fr\/index.php\/wp-json\/wp\/v2\/media?parent=9"}],"curies":[{"name":"wp","href":"https:\/\/api.w.org\/{rel}","templated":true}]}}