{"id":355,"date":"2024-12-04T14:18:40","date_gmt":"2024-12-04T13:18:40","guid":{"rendered":"https:\/\/rotanga.fr\/?page_id=355"},"modified":"2024-12-18T17:59:06","modified_gmt":"2024-12-18T16:59:06","slug":"chambre","status":"publish","type":"page","link":"https:\/\/rotanga.fr\/index.php\/chambre\/","title":{"rendered":"Chambre"},"content":{"rendered":"\n<figure class=\"wp-block-image alignfull size-large\"><img loading=\"lazy\" decoding=\"async\" width=\"1024\" height=\"683\" src=\"https:\/\/rotanga.fr\/wp-content\/uploads\/2024\/12\/JME_0656-1024x683.jpg\" alt=\"\" class=\"wp-image-369\" srcset=\"https:\/\/rotanga.fr\/wp-content\/uploads\/2024\/12\/JME_0656-1024x683.jpg 1024w, https:\/\/rotanga.fr\/wp-content\/uploads\/2024\/12\/JME_0656-300x200.jpg 300w, https:\/\/rotanga.fr\/wp-content\/uploads\/2024\/12\/JME_0656-768x512.jpg 768w, https:\/\/rotanga.fr\/wp-content\/uploads\/2024\/12\/JME_0656-1536x1024.jpg 1536w, https:\/\/rotanga.fr\/wp-content\/uploads\/2024\/12\/JME_0656-2048x1365.jpg 2048w, https:\/\/rotanga.fr\/wp-content\/uploads\/2024\/12\/JME_0656-930x620.jpg 930w\" sizes=\"auto, (max-width: 1024px) 100vw, 1024px\" \/><\/figure>\n\n\n\n<div class=\"wp-block-cover alignfull has-nv-text-dark-bg-color has-text-color\" style=\"min-height:600px;aspect-ratio:unset;\"><span aria-hidden=\"true\" class=\"wp-block-cover__background has-nv-dark-bg-background-color has-background-dim-100 has-background-dim\"><\/span><div class=\"wp-block-cover__inner-container is-layout-flow wp-block-cover-is-layout-flow\">\n<div class=\"wp-block-group\"><div class=\"wp-block-group__inner-container is-layout-flow wp-block-group-is-layout-flow\">\n<div class=\"wp-block-columns are-vertically-aligned-center is-layout-flex wp-container-core-columns-is-layout-9d6595d7 wp-block-columns-is-layout-flex\">\n<div class=\"wp-block-column is-vertically-aligned-center is-layout-flow wp-block-column-is-layout-flow\" style=\"flex-basis:50%\">\n<figure class=\"wp-block-gallery has-nested-images columns-default is-cropped wp-block-gallery-1 is-layout-flex wp-block-gallery-is-layout-flex\">\n<figure class=\"wp-block-image size-large\"><img loading=\"lazy\" decoding=\"async\" width=\"1024\" height=\"683\" data-id=\"363\" src=\"https:\/\/rotanga.fr\/wp-content\/uploads\/2024\/12\/JME_0615-1024x683.jpg\" alt=\"\" class=\"wp-image-363\" srcset=\"https:\/\/rotanga.fr\/wp-content\/uploads\/2024\/12\/JME_0615-1024x683.jpg 1024w, https:\/\/rotanga.fr\/wp-content\/uploads\/2024\/12\/JME_0615-300x200.jpg 300w, https:\/\/rotanga.fr\/wp-content\/uploads\/2024\/12\/JME_0615-768x512.jpg 768w, https:\/\/rotanga.fr\/wp-content\/uploads\/2024\/12\/JME_0615-1536x1024.jpg 1536w, https:\/\/rotanga.fr\/wp-content\/uploads\/2024\/12\/JME_0615-2048x1365.jpg 2048w, https:\/\/rotanga.fr\/wp-content\/uploads\/2024\/12\/JME_0615-930x620.jpg 930w\" sizes=\"auto, (max-width: 1024px) 100vw, 1024px\" \/><\/figure>\n<\/figure>\n<\/div>\n\n\n\n<div class=\"wp-block-column is-vertically-aligned-center is-layout-flow wp-block-column-is-layout-flow\" style=\"flex-basis:50%\"><div class=\"wp-block-image\">\n<figure class=\"aligncenter size-large\"><img loading=\"lazy\" decoding=\"async\" width=\"1024\" height=\"683\" src=\"https:\/\/rotanga.fr\/wp-content\/uploads\/2024\/12\/JME_0769-1024x683.jpg\" alt=\"\" class=\"wp-image-365\" style=\"aspect-ratio:1.5078125\" srcset=\"https:\/\/rotanga.fr\/wp-content\/uploads\/2024\/12\/JME_0769-1024x683.jpg 1024w, https:\/\/rotanga.fr\/wp-content\/uploads\/2024\/12\/JME_0769-300x200.jpg 300w, https:\/\/rotanga.fr\/wp-content\/uploads\/2024\/12\/JME_0769-768x512.jpg 768w, https:\/\/rotanga.fr\/wp-content\/uploads\/2024\/12\/JME_0769-1536x1024.jpg 1536w, https:\/\/rotanga.fr\/wp-content\/uploads\/2024\/12\/JME_0769-2048x1365.jpg 2048w, https:\/\/rotanga.fr\/wp-content\/uploads\/2024\/12\/JME_0769-930x620.jpg 930w\" sizes=\"auto, (max-width: 1024px) 100vw, 1024px\" \/><\/figure><\/div><\/div>\n<\/div>\n<\/div><\/div>\n\n\n\n<h3 class=\"wp-block-heading has-text-align-center has-neve-text-color-color has-text-color\">T\u00eate de lit SIARGAO<\/h3>\n\n\n\n<p class=\"has-text-align-center has-neve-text-color-color has-text-color\">Dimensions : L180 x P7 x H120cm<\/p>\n\n\n\n<div class=\"wp-block-buttons is-content-justification-center is-layout-flex wp-container-core-buttons-is-layout-16018d1d wp-block-buttons-is-layout-flex\">\n<div class=\"wp-block-button\"><a class=\"wp-block-button__link has-nv-dark-bg-color has-neve-link-color-background-color has-text-color has-background wp-element-button\" href=\"https:\/\/rotanga.fr\/index.php\/contact\/\">Plus d&#8217;information<\/a><\/div>\n<\/div>\n<\/div><\/div>\n\n\n\n<div class=\"wp-block-cover alignfull has-nv-text-dark-bg-color has-text-color\" style=\"min-height:600px;aspect-ratio:unset;\"><span aria-hidden=\"true\" class=\"wp-block-cover__background has-nv-dark-bg-background-color has-background-dim-100 has-background-dim\"><\/span><div class=\"wp-block-cover__inner-container is-layout-flow wp-block-cover-is-layout-flow\">\n<div class=\"wp-block-group\"><div class=\"wp-block-group__inner-container is-layout-flow wp-block-group-is-layout-flow\">\n<div class=\"wp-block-columns are-vertically-aligned-center is-layout-flex wp-container-core-columns-is-layout-9d6595d7 wp-block-columns-is-layout-flex\">\n<div class=\"wp-block-column is-vertically-aligned-center is-layout-flow wp-block-column-is-layout-flow\" style=\"flex-basis:50%\"><div class=\"wp-block-image\">\n<figure class=\"aligncenter size-large is-resized\"><img loading=\"lazy\" decoding=\"async\" width=\"683\" height=\"1024\" src=\"https:\/\/rotanga.fr\/wp-content\/uploads\/2024\/12\/JME_0637-683x1024.jpg\" alt=\"\" class=\"wp-image-366\" style=\"width:253px;height:auto\" srcset=\"https:\/\/rotanga.fr\/wp-content\/uploads\/2024\/12\/JME_0637-683x1024.jpg 683w, https:\/\/rotanga.fr\/wp-content\/uploads\/2024\/12\/JME_0637-200x300.jpg 200w, https:\/\/rotanga.fr\/wp-content\/uploads\/2024\/12\/JME_0637-768x1152.jpg 768w, https:\/\/rotanga.fr\/wp-content\/uploads\/2024\/12\/JME_0637-1024x1536.jpg 1024w, https:\/\/rotanga.fr\/wp-content\/uploads\/2024\/12\/JME_0637-1365x2048.jpg 1365w, https:\/\/rotanga.fr\/wp-content\/uploads\/2024\/12\/JME_0637-scaled.jpg 1707w\" sizes=\"auto, (max-width: 683px) 100vw, 683px\" \/><\/figure><\/div><\/div>\n\n\n\n<div class=\"wp-block-column is-vertically-aligned-center is-layout-flow wp-block-column-is-layout-flow\" style=\"flex-basis:50%\"><div class=\"wp-block-image\">\n<figure class=\"aligncenter size-large is-resized\"><img loading=\"lazy\" decoding=\"async\" width=\"1024\" height=\"683\" src=\"https:\/\/rotanga.fr\/wp-content\/uploads\/2024\/12\/JME_0767-1024x683.jpg\" alt=\"\" class=\"wp-image-367\" style=\"aspect-ratio:1.5078125;width:567px;height:auto\" srcset=\"https:\/\/rotanga.fr\/wp-content\/uploads\/2024\/12\/JME_0767-1024x683.jpg 1024w, https:\/\/rotanga.fr\/wp-content\/uploads\/2024\/12\/JME_0767-300x200.jpg 300w, https:\/\/rotanga.fr\/wp-content\/uploads\/2024\/12\/JME_0767-768x512.jpg 768w, https:\/\/rotanga.fr\/wp-content\/uploads\/2024\/12\/JME_0767-1536x1024.jpg 1536w, https:\/\/rotanga.fr\/wp-content\/uploads\/2024\/12\/JME_0767-2048x1365.jpg 2048w, https:\/\/rotanga.fr\/wp-content\/uploads\/2024\/12\/JME_0767-930x620.jpg 930w\" sizes=\"auto, (max-width: 1024px) 100vw, 1024px\" \/><\/figure><\/div><\/div>\n<\/div>\n<\/div><\/div>\n\n\n\n<h3 class=\"wp-block-heading has-text-align-center has-neve-text-color-color has-text-color\">Chevet SIARGAO<\/h3>\n\n\n\n<p class=\"has-text-align-center has-neve-text-color-color has-text-color\">Dimensions : L45 x P55 x H50cm<\/p>\n\n\n\n<div class=\"wp-block-buttons is-content-justification-center is-layout-flex wp-container-core-buttons-is-layout-16018d1d wp-block-buttons-is-layout-flex\">\n<div class=\"wp-block-button\"><a class=\"wp-block-button__link has-nv-dark-bg-color has-neve-link-color-background-color has-text-color has-background wp-element-button\" href=\"https:\/\/rotanga.fr\/index.php\/contact\/\">Plus d&#8217;information<\/a><\/div>\n<\/div>\n\n\n\n<div class=\"wp-block-cover alignfull has-nv-text-dark-bg-color has-text-color\" style=\"min-height:600px;aspect-ratio:unset;\"><span aria-hidden=\"true\" class=\"wp-block-cover__background has-nv-dark-bg-background-color has-background-dim-100 has-background-dim\"><\/span><div class=\"wp-block-cover__inner-container is-layout-flow wp-block-cover-is-layout-flow\">\n<div class=\"wp-block-group\"><div class=\"wp-block-group__inner-container is-layout-flow wp-block-group-is-layout-flow\">\n<div class=\"wp-block-columns are-vertically-aligned-center is-layout-flex wp-container-core-columns-is-layout-9d6595d7 wp-block-columns-is-layout-flex\">\n<div class=\"wp-block-column is-vertically-aligned-center is-layout-flow wp-block-column-is-layout-flow\" style=\"flex-basis:50%\">\n<figure class=\"wp-block-image size-large\"><img loading=\"lazy\" decoding=\"async\" width=\"1024\" height=\"683\" src=\"https:\/\/rotanga.fr\/wp-content\/uploads\/2024\/12\/JME_0746-1024x683.jpg\" alt=\"\" class=\"wp-image-368\" srcset=\"https:\/\/rotanga.fr\/wp-content\/uploads\/2024\/12\/JME_0746-1024x683.jpg 1024w, https:\/\/rotanga.fr\/wp-content\/uploads\/2024\/12\/JME_0746-300x200.jpg 300w, https:\/\/rotanga.fr\/wp-content\/uploads\/2024\/12\/JME_0746-768x512.jpg 768w, https:\/\/rotanga.fr\/wp-content\/uploads\/2024\/12\/JME_0746-1536x1024.jpg 1536w, https:\/\/rotanga.fr\/wp-content\/uploads\/2024\/12\/JME_0746-2048x1365.jpg 2048w, https:\/\/rotanga.fr\/wp-content\/uploads\/2024\/12\/JME_0746-930x620.jpg 930w\" sizes=\"auto, (max-width: 1024px) 100vw, 1024px\" \/><\/figure>\n<\/div>\n\n\n\n<div class=\"wp-block-column is-vertically-aligned-center is-layout-flow wp-block-column-is-layout-flow\" style=\"flex-basis:50%\"><div class=\"wp-block-image\">\n<figure class=\"aligncenter size-large\"><img loading=\"lazy\" decoding=\"async\" width=\"1024\" height=\"683\" src=\"https:\/\/rotanga.fr\/wp-content\/uploads\/2024\/12\/JME_0615-2-1024x683.jpg\" alt=\"\" class=\"wp-image-393\" style=\"aspect-ratio:1.5078125\" srcset=\"https:\/\/rotanga.fr\/wp-content\/uploads\/2024\/12\/JME_0615-2-1024x683.jpg 1024w, https:\/\/rotanga.fr\/wp-content\/uploads\/2024\/12\/JME_0615-2-300x200.jpg 300w, https:\/\/rotanga.fr\/wp-content\/uploads\/2024\/12\/JME_0615-2-768x512.jpg 768w, https:\/\/rotanga.fr\/wp-content\/uploads\/2024\/12\/JME_0615-2-1536x1024.jpg 1536w, https:\/\/rotanga.fr\/wp-content\/uploads\/2024\/12\/JME_0615-2-2048x1365.jpg 2048w, https:\/\/rotanga.fr\/wp-content\/uploads\/2024\/12\/JME_0615-2-930x620.jpg 930w\" sizes=\"auto, (max-width: 1024px) 100vw, 1024px\" \/><\/figure><\/div><\/div>\n<\/div>\n<\/div><\/div>\n\n\n\n<h3 class=\"wp-block-heading has-text-align-center has-neve-text-color-color has-text-color\">Commode SIARGAO<\/h3>\n\n\n\n<p class=\"has-text-align-center has-neve-text-color-color has-text-color\">Dimensions : L120 x P50 x H92cm<\/p>\n\n\n\n<div class=\"wp-block-buttons is-content-justification-center is-layout-flex wp-container-core-buttons-is-layout-16018d1d wp-block-buttons-is-layout-flex\">\n<div class=\"wp-block-button\"><a class=\"wp-block-button__link has-nv-dark-bg-color has-neve-link-color-background-color has-text-color has-background wp-element-button\" href=\"https:\/\/rotanga.fr\/index.php\/contact\/\">Plus d&#8217;information<\/a><\/div>\n<\/div>\n\n\n\n<div class=\"wp-block-cover alignfull has-nv-text-dark-bg-color has-text-color\" style=\"min-height:600px;aspect-ratio:unset;\"><span aria-hidden=\"true\" class=\"wp-block-cover__background has-nv-dark-bg-background-color has-background-dim-100 has-background-dim\"><\/span><div class=\"wp-block-cover__inner-container is-layout-flow wp-block-cover-is-layout-flow\">\n<div class=\"wp-block-group\"><div class=\"wp-block-group__inner-container is-layout-flow wp-block-group-is-layout-flow\">\n<div class=\"wp-block-columns are-vertically-aligned-center is-layout-flex wp-container-core-columns-is-layout-9d6595d7 wp-block-columns-is-layout-flex\">\n<div class=\"wp-block-column is-vertically-aligned-center is-layout-flow wp-block-column-is-layout-flow\" style=\"flex-basis:50%\">\n<figure class=\"wp-block-image size-large\"><img loading=\"lazy\" decoding=\"async\" width=\"1024\" height=\"683\" src=\"https:\/\/rotanga.fr\/wp-content\/uploads\/2024\/12\/JME_0656-1-1024x683.jpg\" alt=\"\" class=\"wp-image-370\" srcset=\"https:\/\/rotanga.fr\/wp-content\/uploads\/2024\/12\/JME_0656-1-1024x683.jpg 1024w, https:\/\/rotanga.fr\/wp-content\/uploads\/2024\/12\/JME_0656-1-300x200.jpg 300w, https:\/\/rotanga.fr\/wp-content\/uploads\/2024\/12\/JME_0656-1-768x512.jpg 768w, https:\/\/rotanga.fr\/wp-content\/uploads\/2024\/12\/JME_0656-1-1536x1024.jpg 1536w, https:\/\/rotanga.fr\/wp-content\/uploads\/2024\/12\/JME_0656-1-2048x1365.jpg 2048w, https:\/\/rotanga.fr\/wp-content\/uploads\/2024\/12\/JME_0656-1-930x620.jpg 930w\" sizes=\"auto, (max-width: 1024px) 100vw, 1024px\" \/><\/figure>\n<\/div>\n\n\n\n<div class=\"wp-block-column is-vertically-aligned-center is-layout-flow wp-block-column-is-layout-flow\" style=\"flex-basis:50%\"><div class=\"wp-block-image\">\n<figure class=\"aligncenter size-large is-resized\"><img loading=\"lazy\" decoding=\"async\" width=\"1024\" height=\"683\" src=\"https:\/\/rotanga.fr\/wp-content\/uploads\/2024\/12\/JME_0753-1024x683.jpg\" alt=\"\" class=\"wp-image-371\" style=\"aspect-ratio:1.5078125;width:567px;height:auto\" srcset=\"https:\/\/rotanga.fr\/wp-content\/uploads\/2024\/12\/JME_0753-1024x683.jpg 1024w, https:\/\/rotanga.fr\/wp-content\/uploads\/2024\/12\/JME_0753-300x200.jpg 300w, https:\/\/rotanga.fr\/wp-content\/uploads\/2024\/12\/JME_0753-768x512.jpg 768w, https:\/\/rotanga.fr\/wp-content\/uploads\/2024\/12\/JME_0753-1536x1024.jpg 1536w, https:\/\/rotanga.fr\/wp-content\/uploads\/2024\/12\/JME_0753-2048x1365.jpg 2048w, https:\/\/rotanga.fr\/wp-content\/uploads\/2024\/12\/JME_0753-930x620.jpg 930w\" sizes=\"auto, (max-width: 1024px) 100vw, 1024px\" \/><\/figure><\/div><\/div>\n<\/div>\n<\/div><\/div>\n\n\n\n<h3 class=\"wp-block-heading has-text-align-center has-neve-text-color-color has-text-color\">T\u00eate de lit LAGONOY<\/h3>\n\n\n\n<p class=\"has-text-align-center has-neve-text-color-color has-text-color\">Dimensions : L180 x P8 x H120cm<\/p>\n\n\n\n<div class=\"wp-block-buttons is-content-justification-center is-layout-flex wp-container-core-buttons-is-layout-16018d1d wp-block-buttons-is-layout-flex\">\n<div class=\"wp-block-button\"><a class=\"wp-block-button__link has-nv-dark-bg-color has-neve-link-color-background-color has-text-color has-background wp-element-button\" href=\"https:\/\/rotanga.fr\/index.php\/contact\/\">Plus d&#8217;information<\/a><\/div>\n<\/div>\n\n\n\n<div class=\"wp-block-cover alignfull has-nv-text-dark-bg-color has-text-color\" style=\"min-height:600px;aspect-ratio:unset;\"><span aria-hidden=\"true\" class=\"wp-block-cover__background has-nv-dark-bg-background-color has-background-dim-100 has-background-dim\"><\/span><div class=\"wp-block-cover__inner-container is-layout-flow wp-block-cover-is-layout-flow\">\n<div class=\"wp-block-group\"><div class=\"wp-block-group__inner-container is-layout-flow wp-block-group-is-layout-flow\">\n<div class=\"wp-block-columns are-vertically-aligned-center is-layout-flex wp-container-core-columns-is-layout-9d6595d7 wp-block-columns-is-layout-flex\">\n<div class=\"wp-block-column is-vertically-aligned-center is-layout-flow wp-block-column-is-layout-flow\" style=\"flex-basis:50%\"><div class=\"wp-block-image\">\n<figure class=\"aligncenter size-large is-resized\"><img loading=\"lazy\" decoding=\"async\" width=\"683\" height=\"1024\" src=\"https:\/\/rotanga.fr\/wp-content\/uploads\/2024\/12\/JME_0660-1-2-683x1024.jpg\" alt=\"\" class=\"wp-image-391\" style=\"width:239px;height:auto\" srcset=\"https:\/\/rotanga.fr\/wp-content\/uploads\/2024\/12\/JME_0660-1-2-683x1024.jpg 683w, https:\/\/rotanga.fr\/wp-content\/uploads\/2024\/12\/JME_0660-1-2-200x300.jpg 200w, https:\/\/rotanga.fr\/wp-content\/uploads\/2024\/12\/JME_0660-1-2-768x1152.jpg 768w, https:\/\/rotanga.fr\/wp-content\/uploads\/2024\/12\/JME_0660-1-2-1024x1536.jpg 1024w, https:\/\/rotanga.fr\/wp-content\/uploads\/2024\/12\/JME_0660-1-2-1365x2048.jpg 1365w, https:\/\/rotanga.fr\/wp-content\/uploads\/2024\/12\/JME_0660-1-2-scaled.jpg 1707w\" sizes=\"auto, (max-width: 683px) 100vw, 683px\" \/><\/figure><\/div><\/div>\n\n\n\n<div class=\"wp-block-column is-vertically-aligned-center is-layout-flow wp-block-column-is-layout-flow\" style=\"flex-basis:50%\"><div class=\"wp-block-image\">\n<figure class=\"aligncenter size-large is-resized\"><img loading=\"lazy\" decoding=\"async\" width=\"1024\" height=\"683\" src=\"https:\/\/rotanga.fr\/wp-content\/uploads\/2024\/12\/JME_0758-1-1024x683.jpg\" alt=\"\" class=\"wp-image-392\" style=\"aspect-ratio:1.5078125;width:522px;height:auto\" srcset=\"https:\/\/rotanga.fr\/wp-content\/uploads\/2024\/12\/JME_0758-1-1024x683.jpg 1024w, https:\/\/rotanga.fr\/wp-content\/uploads\/2024\/12\/JME_0758-1-300x200.jpg 300w, https:\/\/rotanga.fr\/wp-content\/uploads\/2024\/12\/JME_0758-1-768x512.jpg 768w, https:\/\/rotanga.fr\/wp-content\/uploads\/2024\/12\/JME_0758-1-1536x1024.jpg 1536w, https:\/\/rotanga.fr\/wp-content\/uploads\/2024\/12\/JME_0758-1-2048x1365.jpg 2048w, https:\/\/rotanga.fr\/wp-content\/uploads\/2024\/12\/JME_0758-1-930x620.jpg 930w\" sizes=\"auto, (max-width: 1024px) 100vw, 1024px\" \/><\/figure><\/div><\/div>\n<\/div>\n<\/div><\/div>\n\n\n\n<h3 class=\"wp-block-heading has-text-align-center has-neve-text-color-color has-text-color\">Chevet LAGONOY<\/h3>\n\n\n\n<p class=\"has-text-align-center has-neve-text-color-color has-text-color\">Dimensions : L50 x P55 x H64cm<\/p>\n\n\n\n<div class=\"wp-block-buttons is-content-justification-center is-layout-flex wp-container-core-buttons-is-layout-16018d1d wp-block-buttons-is-layout-flex\">\n<div class=\"wp-block-button\"><a class=\"wp-block-button__link has-nv-dark-bg-color has-neve-link-color-background-color has-text-color has-background wp-element-button\" href=\"https:\/\/rotanga.fr\/index.php\/contact\/\">Plus d&#8217;information<\/a><\/div>\n<\/div>\n\n\n\n<div class=\"wp-block-cover alignfull has-nv-text-dark-bg-color has-text-color\" style=\"min-height:600px;aspect-ratio:unset;\"><span aria-hidden=\"true\" class=\"wp-block-cover__background has-nv-dark-bg-background-color has-background-dim-100 has-background-dim\"><\/span><div class=\"wp-block-cover__inner-container is-layout-flow wp-block-cover-is-layout-flow\">\n<div class=\"wp-block-group\"><div class=\"wp-block-group__inner-container is-layout-flow wp-block-group-is-layout-flow\">\n<div class=\"wp-block-columns are-vertically-aligned-center is-layout-flex wp-container-core-columns-is-layout-9d6595d7 wp-block-columns-is-layout-flex\">\n<div class=\"wp-block-column is-vertically-aligned-center is-layout-flow wp-block-column-is-layout-flow\" style=\"flex-basis:50%\"><div class=\"wp-block-image\">\n<figure class=\"aligncenter size-large is-resized\"><img loading=\"lazy\" decoding=\"async\" width=\"683\" height=\"1024\" src=\"https:\/\/rotanga.fr\/wp-content\/uploads\/2024\/12\/JME_0669-3-683x1024.jpg\" alt=\"\" class=\"wp-image-390\" style=\"width:229px;height:auto\" srcset=\"https:\/\/rotanga.fr\/wp-content\/uploads\/2024\/12\/JME_0669-3-683x1024.jpg 683w, https:\/\/rotanga.fr\/wp-content\/uploads\/2024\/12\/JME_0669-3-200x300.jpg 200w, https:\/\/rotanga.fr\/wp-content\/uploads\/2024\/12\/JME_0669-3-768x1152.jpg 768w, https:\/\/rotanga.fr\/wp-content\/uploads\/2024\/12\/JME_0669-3-1024x1536.jpg 1024w, https:\/\/rotanga.fr\/wp-content\/uploads\/2024\/12\/JME_0669-3-1365x2048.jpg 1365w, https:\/\/rotanga.fr\/wp-content\/uploads\/2024\/12\/JME_0669-3-scaled.jpg 1707w\" sizes=\"auto, (max-width: 683px) 100vw, 683px\" \/><\/figure><\/div><\/div>\n\n\n\n<div class=\"wp-block-column is-vertically-aligned-center is-layout-flow wp-block-column-is-layout-flow\" style=\"flex-basis:50%\"><div class=\"wp-block-image\">\n<figure class=\"aligncenter size-large is-resized\"><img loading=\"lazy\" decoding=\"async\" width=\"1024\" height=\"683\" src=\"https:\/\/rotanga.fr\/wp-content\/uploads\/2024\/12\/JME_0674-2-1024x683.jpg\" alt=\"\" class=\"wp-image-389\" style=\"aspect-ratio:1.5078125;width:516px;height:auto\" srcset=\"https:\/\/rotanga.fr\/wp-content\/uploads\/2024\/12\/JME_0674-2-1024x683.jpg 1024w, https:\/\/rotanga.fr\/wp-content\/uploads\/2024\/12\/JME_0674-2-300x200.jpg 300w, https:\/\/rotanga.fr\/wp-content\/uploads\/2024\/12\/JME_0674-2-768x512.jpg 768w, https:\/\/rotanga.fr\/wp-content\/uploads\/2024\/12\/JME_0674-2-1536x1024.jpg 1536w, https:\/\/rotanga.fr\/wp-content\/uploads\/2024\/12\/JME_0674-2-2048x1365.jpg 2048w, https:\/\/rotanga.fr\/wp-content\/uploads\/2024\/12\/JME_0674-2-930x620.jpg 930w\" sizes=\"auto, (max-width: 1024px) 100vw, 1024px\" \/><\/figure><\/div><\/div>\n<\/div>\n<\/div><\/div>\n\n\n\n<h3 class=\"wp-block-heading has-text-align-center has-neve-text-color-color has-text-color\">Commode LAGONOY<\/h3>\n\n\n\n<p class=\"has-text-align-center has-neve-text-color-color has-text-color\">Dimensions : L120 x P50 x H92cm<\/p>\n\n\n\n<div class=\"wp-block-buttons is-content-justification-center is-layout-flex wp-container-core-buttons-is-layout-16018d1d wp-block-buttons-is-layout-flex\">\n<div class=\"wp-block-button\"><a class=\"wp-block-button__link has-nv-dark-bg-color has-neve-link-color-background-color has-text-color has-background wp-element-button\" href=\"https:\/\/rotanga.fr\/index.php\/contact\/\">Plus d&#8217;information<\/a><\/div>\n<\/div>\n\n\n\n<div class=\"wp-block-cover alignfull has-nv-text-dark-bg-color has-text-color\" style=\"min-height:300px;aspect-ratio:unset;\"><span aria-hidden=\"true\" class=\"wp-block-cover__background has-nv-dark-bg-background-color has-background-dim-100 has-background-dim\"><\/span><div class=\"wp-block-cover__inner-container is-layout-flow wp-block-cover-is-layout-flow\">\n<div style=\"height:24px\" aria-hidden=\"true\" class=\"wp-block-spacer\"><\/div>\n\n\n\n<p class=\"has-text-align-center has-nv-text-dark-bg-color has-text-color\">Nos&nbsp;<strong>meubles en rotin<\/strong>&nbsp;sont fabriqu\u00e9s avec un v\u00e9ritable&nbsp;<strong>savoir-faire artisanal<\/strong>&nbsp;pour une qualit\u00e9 exceptionnelle et une durabilit\u00e9 \u00e0 long terme. D\u00e9couvrez notre collection de&nbsp;<strong>mobilier en rotin<\/strong>&nbsp;artisanal pour une d\u00e9coration&nbsp;<strong>boh\u00e8me chic<\/strong>.<\/p>\n<\/div><\/div>\n<\/div><\/div>\n<\/div><\/div>\n<\/div><\/div>\n<\/div><\/div>\n<\/div><\/div>\n\n\n\n<p><\/p>\n","protected":false},"excerpt":{"rendered":"","protected":false},"author":1,"featured_media":0,"parent":0,"menu_order":0,"comment_status":"closed","ping_status":"closed","template":"","meta":{"neve_meta_sidebar":"","neve_meta_container":"","neve_meta_enable_content_width":"","neve_meta_content_width":0,"neve_meta_title_alignment":"","neve_meta_author_avatar":"","neve_post_elements_order":"","neve_meta_disable_header":"","neve_meta_disable_footer":"","neve_meta_disable_title":"","footnotes":""},"class_list":["post-355","page","type-page","status-publish","hentry"],"_links":{"self":[{"href":"https:\/\/rotanga.fr\/index.php\/wp-json\/wp\/v2\/pages\/355","targetHints":{"allow":["GET"]}}],"collection":[{"href":"https:\/\/rotanga.fr\/index.php\/wp-json\/wp\/v2\/pages"}],"about":[{"href":"https:\/\/rotanga.fr\/index.php\/wp-json\/wp\/v2\/types\/page"}],"author":[{"embeddable":true,"href":"https:\/\/rotanga.fr\/index.php\/wp-json\/wp\/v2\/users\/1"}],"replies":[{"embeddable":true,"href":"https:\/\/rotanga.fr\/index.php\/wp-json\/wp\/v2\/comments?post=355"}],"version-history":[{"count":7,"href":"https:\/\/rotanga.fr\/index.php\/wp-json\/wp\/v2\/pages\/355\/revisions"}],"predecessor-version":[{"id":396,"href":"https:\/\/rotanga.fr\/index.php\/wp-json\/wp\/v2\/pages\/355\/revisions\/396"}],"wp:attachment":[{"href":"https:\/\/rotanga.fr\/index.php\/wp-json\/wp\/v2\/media?parent=355"}],"curies":[{"name":"wp","href":"https:\/\/api.w.org\/{rel}","templated":true}]}}