{"id":3,"date":"2023-08-20T15:48:12","date_gmt":"2023-08-20T13:48:12","guid":{"rendered":"http:\/\/rotanga.fr\/?page_id=3"},"modified":"2023-11-02T17:48:45","modified_gmt":"2023-11-02T16:48:45","slug":"politique-de-confidentialite","status":"publish","type":"page","link":"https:\/\/rotanga.fr\/index.php\/politique-de-confidentialite\/","title":{"rendered":"Politique de confidentialit\u00e9"},"content":{"rendered":"\n<h2 class=\"wp-block-heading\">Qui sommes-nous&nbsp;?<\/h2>\n\n\n\n<p>L\u2019adresse de notre site est&nbsp;: https:\/\/rotanga.fr.<\/p>\n\n\n\n<h6 class=\"wp-block-heading\"><strong>DONN\u00c9ES PERSONNELLES COLLECT\u00c9ES<\/strong><br>Deux types de donn\u00e9es \u00e0 caract\u00e8re personnel sont collect\u00e9s sur le site :<br>&#8211; Donn\u00e9es saisies et envoy\u00e9es via les formulaires<br>&#8211; Donn\u00e9es collect\u00e9es par l\u2019outil de mesure d\u2019audience Google Analytics (via son identifiant &#8220;CID&#8221;)<br><br><strong>RESPONSABLE DE TRAITEMENT DES DONN\u00c9ES PERSONNELLES<\/strong><br>Les donn\u00e9es personnelles sont collect\u00e9es sur le site par la soci\u00e9t\u00e9<br><br><strong>FINALIT\u00c9 DE LA COLLECTE DES DONN\u00c9ES PERSONNELLES<\/strong><br>La collecte des donn\u00e9es personnelles \u00e0 travers les diff\u00e9rents formulaires pr\u00e9sents sur le site a pour but de :<br>&#8211; recontacter les personnes qui ont laiss\u00e9 leurs informations en vue d&#8217;\u00eatre contact\u00e9es.<br>&#8211; assurer un suivi commercial des personnes et entreprises int\u00e9ress\u00e9es par nos services.<br>En soumettant le formulaire et en cochant la case \u00e0 cocher de consentement du formulaire, l\u2019internaute donne express\u00e9ment son accord pour que les donn\u00e9es \u00e0 caract\u00e8re personnel soient trait\u00e9es pour la finalit\u00e9 de gestion de la relation commerciale.<br><br>La collecte des donn\u00e9es personnelles \u00e0 travers l\u2019outil de suivi d\u2019audience Google Analytics utilis\u00e9 sur le site a pour but d&#8217;analyser le comportement des internautes sur le site afin de pouvoir mesurer leur audience et am\u00e9liorer leur performance.<br>Google Analytics utilise des cookies tiers afin de distinguer les utilisateurs. Les cookies sont des fichiers texte install\u00e9s sur le terminal des internautes. Ils ne contiennent aucune information nominative, uniquement des identifiants cr\u00e9\u00e9s de mani\u00e8re al\u00e9atoire.<br><br>En parcourant le site, l\u2019internaute donne express\u00e9ment son accord pour que les donn\u00e9es \u00e0 caract\u00e8re personnel collect\u00e9es par Google Analytics soient trait\u00e9es pour la finalit\u00e9 d\u2019analyse du comportement des internautes en vue de l\u2019am\u00e9lioration de la performance du site.<br><br>DUR\u00c9E DE CONSERVATIONS DES DONN\u00c9ES PERSONNELLES<br>Les donn\u00e9es collect\u00e9es via les formulaires sont conserv\u00e9es pendant une dur\u00e9e d\u2019un an \u00e0 compter de l\u2019envoi du formulaire.<br><br>Les cookies utilis\u00e9s par l\u2019outil de mesure d\u2019audience Google Analytics ont les dur\u00e9es de vie suivantes :<br>_ga : 2 ans<br>_gid : 24 heures<br>_gat : 1 minute<br><br>CONFIDENTIALIT\u00c9 DES DONN\u00c9ES PERSONNELLES<br>Les donn\u00e9es personnelles vous concernant et collect\u00e9es par le site sont uniquement destin\u00e9es \u00e0 l\u2019entreprise et seront uniquement exploit\u00e9es dans le cadre de la demande explicit\u00e9e via le formulaire.<br><br>En aucun cas, les donn\u00e9es personnelles saisies et envoy\u00e9es sur les formulaires ne seront transmises, lou\u00e9es ou commercialis\u00e9es \u00e0 des tiers.<br><br>Les employ\u00e9s de ROTANGA valident un engagement de confidentialit\u00e9 qui les oblige \u00e0 respecter la confidentialit\u00e9 des donn\u00e9es.<br><br><strong>LIEU DE STOCKAGE DES DONN\u00c9ES PERSONNELLES<\/strong><br>Les serveurs d\u2019h\u00e9bergement du site sont situ\u00e9s au sein de l\u2019Union Europ\u00e9enne. Certaines techniques peuvent permettre une r\u00e9plication sur d&#8217;autres serveurs dans le monde dans le but de favoriser l&#8217;accessibilit\u00e9 du site.<br><br>ROTANGA s\u2019engage \u00e0 proc\u00e9der \u00e0 aucun transfert de donn\u00e9es \u00e0 caract\u00e8re personnel \u00e0 destination d\u2019un Etat non membre de la Communaut\u00e9 europ\u00e9enne.<br><br><strong>S\u00c9CURIT\u00c9 DES DONN\u00c9ES PERSONNELLES<\/strong><br>Le site est h\u00e9berg\u00e9 sur des serveurs s\u00e9curis\u00e9s<br><br>La totalit\u00e9 des pages sont en mode s\u00e9curis\u00e9 de type HTTPS, TLS 1.2 \/ RSA. Il s\u2019agit d\u2019un protocole de s\u00e9curisation permettant de chiffrer le contenu des \u00e9changes entre le navigateur et les serveurs de bases de donn\u00e9es. Cette s\u00e9curisation \u00e9vite que les donn\u00e9es personnelles saisies et envoy\u00e9es via les formulaires ne puissent \u00eatre lues en clair par des tiers lors de leur transit.<br><br><strong>D\u00c9L\u00c9GU\u00c9 \u00c0 LA PROTECTION DES DONN\u00c9ES PERSONNELLES<\/strong><br>Le D\u00e9l\u00e9gu\u00e9 \u00e0 la Protection des Donn\u00e9es (DPD) de l\u2019entreprise ROTANGA est notamment en charge d\u2019assurer la conformit\u00e9 des activit\u00e9s de l\u2019entreprise avec le nouveau cadre l\u00e9gal europ\u00e9en du RGPD et de coop\u00e9rer avec l\u2019autorit\u00e9 de contr\u00f4le.<br><br>Vous pouvez le contacter par courrier \u00e0 :<br>collectionrotange@gmail.com<br><br><strong>DROIT D\u2019ACC\u00c8S, DE RECTIFICATION OU DE SUPPRESSION DES DONN\u00c9ES PERSONNELLES<\/strong><br>Conform\u00e9ment \u00e0 la loi Informatique et Libert\u00e9s du 6 janvier 1978 modifi\u00e9e, et le R\u00e8glement Europ\u00e9en G\u00e9n\u00e9ral sur la Protection des Donn\u00e9es 2016\/679 (RGPD), vous disposez des droits d\u2019acc\u00e8s, de rectification et de suppression des donn\u00e9es personnelles vous concernant que vous pouvez exercer en envoyant un courrier \u00e0 :<br>ROTANGA<\/h6>\n","protected":false},"excerpt":{"rendered":"<p>Qui sommes-nous&nbsp;? L\u2019adresse de notre site est&nbsp;: https:\/\/rotanga.fr. DONN\u00c9ES PERSONNELLES COLLECT\u00c9ESDeux types de donn\u00e9es \u00e0 caract\u00e8re personnel sont collect\u00e9s sur le site :&#8211; Donn\u00e9es saisies et envoy\u00e9es via les formulaires&#8211; Donn\u00e9es collect\u00e9es par l\u2019outil de mesure d\u2019audience Google Analytics (via son identifiant &#8220;CID&#8221;) RESPONSABLE DE TRAITEMENT DES DONN\u00c9ES PERSONNELLESLes donn\u00e9es personnelles sont collect\u00e9es sur le&hellip;&nbsp;<a href=\"https:\/\/rotanga.fr\/index.php\/politique-de-confidentialite\/\" rel=\"bookmark\">Read More &raquo;<span class=\"screen-reader-text\">Politique de confidentialit\u00e9<\/span><\/a><\/p>\n","protected":false},"author":1,"featured_media":0,"parent":0,"menu_order":0,"comment_status":"closed","ping_status":"closed","template":"","meta":{"neve_meta_sidebar":"","neve_meta_container":"","neve_meta_enable_content_width":"","neve_meta_content_width":0,"neve_meta_title_alignment":"","neve_meta_author_avatar":"","neve_post_elements_order":"","neve_meta_disable_header":"","neve_meta_disable_footer":"","neve_meta_disable_title":"","footnotes":""},"class_list":["post-3","page","type-page","status-publish","hentry"],"_links":{"self":[{"href":"https:\/\/rotanga.fr\/index.php\/wp-json\/wp\/v2\/pages\/3","targetHints":{"allow":["GET"]}}],"collection":[{"href":"https:\/\/rotanga.fr\/index.php\/wp-json\/wp\/v2\/pages"}],"about":[{"href":"https:\/\/rotanga.fr\/index.php\/wp-json\/wp\/v2\/types\/page"}],"author":[{"embeddable":true,"href":"https:\/\/rotanga.fr\/index.php\/wp-json\/wp\/v2\/users\/1"}],"replies":[{"embeddable":true,"href":"https:\/\/rotanga.fr\/index.php\/wp-json\/wp\/v2\/comments?post=3"}],"version-history":[{"count":3,"href":"https:\/\/rotanga.fr\/index.php\/wp-json\/wp\/v2\/pages\/3\/revisions"}],"predecessor-version":[{"id":297,"href":"https:\/\/rotanga.fr\/index.php\/wp-json\/wp\/v2\/pages\/3\/revisions\/297"}],"wp:attachment":[{"href":"https:\/\/rotanga.fr\/index.php\/wp-json\/wp\/v2\/media?parent=3"}],"curies":[{"name":"wp","href":"https:\/\/api.w.org\/{rel}","templated":true}]}}