{"id":10,"date":"2023-08-20T18:33:56","date_gmt":"2023-08-20T16:33:56","guid":{"rendered":"https:\/\/rotanga.fr\/?page_id=10"},"modified":"2023-11-20T15:29:46","modified_gmt":"2023-11-20T14:29:46","slug":"a-propos","status":"publish","type":"page","link":"https:\/\/rotanga.fr\/index.php\/a-propos\/","title":{"rendered":"\u00c0 propos"},"content":{"rendered":"\n<div class=\"wp-block-cover alignfull\" style=\"min-height:300px;aspect-ratio:unset;\"><span aria-hidden=\"true\" class=\"wp-block-cover__background has-nv-site-bg-background-color has-background-dim-100 has-background-dim\"><\/span><div class=\"wp-block-cover__inner-container is-layout-flow wp-block-cover-is-layout-flow\">\n<div class=\"wp-block-group\"><div class=\"wp-block-group__inner-container is-layout-flow wp-block-group-is-layout-flow\">\n<h1 class=\"wp-block-heading has-text-align-left has-neve-text-color-color has-text-color\">Rotanga<\/h1>\n<\/div><\/div>\n<\/div><\/div>\n\n\n\n<div class=\"wp-block-cover alignfull\" style=\"min-height:600px;aspect-ratio:unset;\"><span aria-hidden=\"true\" class=\"wp-block-cover__background has-nv-light-bg-background-color has-background-dim-100 has-background-dim\"><\/span><div class=\"wp-block-cover__inner-container is-layout-flow wp-block-cover-is-layout-flow\">\n<div class=\"wp-block-group\"><div class=\"wp-block-group__inner-container is-layout-flow wp-block-group-is-layout-flow\">\n<div style=\"height:80px\" aria-hidden=\"true\" class=\"wp-block-spacer\"><\/div>\n\n\n\n<div class=\"wp-block-columns are-vertically-aligned-center is-layout-flex wp-container-core-columns-is-layout-9d6595d7 wp-block-columns-is-layout-flex\">\n<div class=\"wp-block-column is-vertically-aligned-center has-nv-dark-bg-color has-text-color is-layout-flow wp-block-column-is-layout-flow\" style=\"flex-basis:50%\">\n<figure class=\"wp-block-image size-full size-large\"><img loading=\"lazy\" decoding=\"async\" width=\"500\" height=\"500\" src=\"https:\/\/rotanga.fr\/wp-content\/uploads\/2023\/08\/Logo-Rotanga.png\" alt=\"\" class=\"wp-image-16\" srcset=\"https:\/\/rotanga.fr\/wp-content\/uploads\/2023\/08\/Logo-Rotanga.png 500w, https:\/\/rotanga.fr\/wp-content\/uploads\/2023\/08\/Logo-Rotanga-300x300.png 300w, https:\/\/rotanga.fr\/wp-content\/uploads\/2023\/08\/Logo-Rotanga-150x150.png 150w\" sizes=\"auto, (max-width: 500px) 100vw, 500px\" \/><\/figure>\n<\/div>\n\n\n\n<div class=\"wp-block-column is-vertically-aligned-center has-nv-dark-bg-color has-text-color is-layout-flow wp-block-column-is-layout-flow\" style=\"flex-basis:50%\">\n<h2 class=\"wp-block-heading has-nv-dark-bg-color has-text-color\">Notre marque<\/h2>\n\n\n\n<p>La collection ROTANGA a pris corps dans l&#8217;esprit des cr\u00e9ateurs, J\u00e9r\u00f4me BLAINEAU et Philippe INVERNON. Ce dernier, de nombreuses ann\u00e9es en poste en Asie Pacifique, a pu s\u00e9lectionner les meilleurs ateliers pour cr\u00e9er cette collection.<\/p>\n\n\n\n<p>Chaque pi\u00e8ce de mobilier est m\u00e9ticuleusement con\u00e7ue et fabriqu\u00e9e avec des mat\u00e9riaux de qualit\u00e9 sup\u00e9rieure pour garantir une longue dur\u00e9e de vie et une esth\u00e9tique intemporelle. Nous sommes fiers de notre savoir-faire traditionnel et nous esp\u00e9rons que vous appr\u00e9cierez notre collection exclusive de mobilier en rotin pour sublimer votre int\u00e9rieur.<\/p>\n<\/div>\n<\/div>\n\n\n\n<div style=\"height:40px\" aria-hidden=\"true\" class=\"wp-block-spacer\"><\/div>\n<\/div><\/div>\n<\/div><\/div>\n\n\n\n<div class=\"wp-block-cover alignfull\" style=\"min-height:600px;aspect-ratio:unset;\"><span aria-hidden=\"true\" class=\"wp-block-cover__background has-nv-dark-bg-background-color has-background-dim-100 has-background-dim\"><\/span><div class=\"wp-block-cover__inner-container is-layout-flow wp-block-cover-is-layout-flow\">\n<div class=\"wp-block-group\"><div class=\"wp-block-group__inner-container is-layout-flow wp-block-group-is-layout-flow\">\n<div style=\"height:80px\" aria-hidden=\"true\" class=\"wp-block-spacer\"><\/div>\n\n\n\n<div class=\"wp-block-columns are-vertically-aligned-center is-layout-flex wp-container-core-columns-is-layout-9d6595d7 wp-block-columns-is-layout-flex\">\n<div class=\"wp-block-column is-vertically-aligned-center is-layout-flow wp-block-column-is-layout-flow\" style=\"flex-basis:50%\">\n<h2 class=\"wp-block-heading has-nv-text-dark-bg-color has-text-color\">Le rotin<\/h2>\n\n\n\n<p class=\"has-nv-text-dark-bg-color has-text-color\">Le rotin est un mat\u00e9riau naturel et \u00e9cologique utilis\u00e9 pour la fabrication de meubles solides et \u00e9l\u00e9gants. Les artisans philippins utilisent des techniques traditionnelles pour cr\u00e9er des designs complexes et esth\u00e9tiques.&nbsp;<\/p>\n\n\n\n<p>La fibre de rotin est l\u00e9g\u00e8re, r\u00e9sistante et facile d&#8217;entretien, ce qui en fait un choix id\u00e9al pour vos int\u00e9rieurs ainsi que sur vos ext\u00e9rieurs en zone couverte.<\/p>\n\n\n\n<div style=\"height:20px\" aria-hidden=\"true\" class=\"wp-block-spacer\"><\/div>\n\n\n\n<div class=\"wp-block-buttons is-layout-flex wp-block-buttons-is-layout-flex\"><\/div>\n\n\n\n<div style=\"height:20px\" aria-hidden=\"true\" class=\"wp-block-spacer\"><\/div>\n<\/div>\n\n\n\n<div class=\"wp-block-column is-vertically-aligned-center is-layout-flow wp-block-column-is-layout-flow\" style=\"flex-basis:50%\">\n<figure class=\"wp-block-image size-large\"><img loading=\"lazy\" decoding=\"async\" width=\"1024\" height=\"681\" src=\"https:\/\/rotanga.fr\/wp-content\/uploads\/2023\/08\/HLD_1901-1-1024x681.jpg\" alt=\"\" class=\"wp-image-108\" srcset=\"https:\/\/rotanga.fr\/wp-content\/uploads\/2023\/08\/HLD_1901-1-1024x681.jpg 1024w, https:\/\/rotanga.fr\/wp-content\/uploads\/2023\/08\/HLD_1901-1-300x200.jpg 300w, https:\/\/rotanga.fr\/wp-content\/uploads\/2023\/08\/HLD_1901-1-768x511.jpg 768w, https:\/\/rotanga.fr\/wp-content\/uploads\/2023\/08\/HLD_1901-1-1536x1022.jpg 1536w, https:\/\/rotanga.fr\/wp-content\/uploads\/2023\/08\/HLD_1901-1-2048x1363.jpg 2048w\" sizes=\"auto, (max-width: 1024px) 100vw, 1024px\" \/><\/figure>\n<\/div>\n<\/div>\n\n\n\n<div style=\"height:40px\" aria-hidden=\"true\" class=\"wp-block-spacer\"><\/div>\n<\/div><\/div>\n<\/div><\/div>\n\n\n\n<div class=\"wp-block-cover alignfull\" style=\"min-height:600px;aspect-ratio:unset;\"><span aria-hidden=\"true\" class=\"wp-block-cover__background has-nv-light-bg-background-color has-background-dim-100 has-background-dim\"><\/span><div class=\"wp-block-cover__inner-container is-layout-flow wp-block-cover-is-layout-flow\">\n<div class=\"wp-block-group\"><div class=\"wp-block-group__inner-container is-layout-flow wp-block-group-is-layout-flow\">\n<div style=\"height:80px\" aria-hidden=\"true\" class=\"wp-block-spacer\"><\/div>\n\n\n\n<div class=\"wp-block-columns are-vertically-aligned-center is-layout-flex wp-container-core-columns-is-layout-9d6595d7 wp-block-columns-is-layout-flex\">\n<div class=\"wp-block-column is-vertically-aligned-center is-layout-flow wp-block-column-is-layout-flow\" style=\"flex-basis:50%\">\n<figure class=\"wp-block-image size-large\"><img loading=\"lazy\" decoding=\"async\" width=\"1024\" height=\"683\" src=\"https:\/\/rotanga.fr\/wp-content\/uploads\/2023\/09\/arbres-verts-montagnes-vue-lac-1024x683.jpg\" alt=\"\" class=\"wp-image-139\" srcset=\"https:\/\/rotanga.fr\/wp-content\/uploads\/2023\/09\/arbres-verts-montagnes-vue-lac-1024x683.jpg 1024w, https:\/\/rotanga.fr\/wp-content\/uploads\/2023\/09\/arbres-verts-montagnes-vue-lac-300x200.jpg 300w, https:\/\/rotanga.fr\/wp-content\/uploads\/2023\/09\/arbres-verts-montagnes-vue-lac-768x512.jpg 768w, https:\/\/rotanga.fr\/wp-content\/uploads\/2023\/09\/arbres-verts-montagnes-vue-lac-1536x1024.jpg 1536w, https:\/\/rotanga.fr\/wp-content\/uploads\/2023\/09\/arbres-verts-montagnes-vue-lac-2048x1365.jpg 2048w, https:\/\/rotanga.fr\/wp-content\/uploads\/2023\/09\/arbres-verts-montagnes-vue-lac-930x620.jpg 930w\" sizes=\"auto, (max-width: 1024px) 100vw, 1024px\" \/><\/figure>\n<\/div>\n\n\n\n<div class=\"wp-block-column is-vertically-aligned-center is-layout-flow wp-block-column-is-layout-flow\" style=\"flex-basis:50%\">\n<h2 class=\"wp-block-heading has-nv-dark-bg-color has-text-color\">Notre engagement durable<\/h2>\n\n\n\n<p class=\"has-nv-dark-bg-color has-text-color\">Les meubles en rotin sont \u00e0 la fois \u00e9cologiques et durables. Fabriqu\u00e9s \u00e0 partir d&#8217;une ressource naturelle renouvelable, ils n\u00e9cessitent moins d&#8217;\u00e9nergie et g\u00e9n\u00e8rent peu de d\u00e9chets. <\/p>\n\n\n\n<p class=\"has-nv-dark-bg-color has-text-color\">De plus, ils sont souvent cultiv\u00e9s de mani\u00e8re durable et fabriqu\u00e9s \u00e0 la main par des artisans locaux. Opter pour des meubles en rotin, c&#8217;est faire un choix esth\u00e9tique tout en respectant l&#8217;environnement.<\/p>\n\n\n\n<p><\/p>\n<\/div>\n<\/div>\n\n\n\n<div style=\"height:40px\" aria-hidden=\"true\" class=\"wp-block-spacer\"><\/div>\n<\/div><\/div>\n<\/div><\/div>\n\n\n\n<div class=\"wp-block-cover alignfull\" style=\"min-height:1285px;aspect-ratio:unset;\"><span aria-hidden=\"true\" class=\"wp-block-cover__background has-nv-site-bg-background-color has-background-dim-100 has-background-dim\"><\/span><div class=\"wp-block-cover__inner-container is-layout-flow wp-block-cover-is-layout-flow\">\n<div style=\"height:80px\" aria-hidden=\"true\" class=\"wp-block-spacer\"><\/div>\n\n\n\n<div class=\"wp-block-columns is-layout-flex wp-container-core-columns-is-layout-9d6595d7 wp-block-columns-is-layout-flex\">\n<div class=\"wp-block-column ticss-4ce656f1 is-layout-flow wp-block-column-is-layout-flow\">\n<figure class=\"wp-block-image is-resized icon-style is-style-rounded\"><img decoding=\"async\" src=\"https:\/\/rotanga.fr\/wp-content\/themes\/neve\/assets\/img\/starter-content\/icon-03.svg\" alt=\"\" style=\"width:48px;height:48px\"\/><\/figure>\n\n\n\n<div style=\"height:24px\" aria-hidden=\"true\" class=\"wp-block-spacer\"><\/div>\n\n\n\n<h3 class=\"wp-block-heading has-text-align-center has-neve-text-color-color has-text-color\">L&#8217;excellence <\/h3>\n\n\n\n<figure class=\"wp-block-image size-large\"><img loading=\"lazy\" decoding=\"async\" width=\"681\" height=\"1024\" src=\"https:\/\/rotanga.fr\/wp-content\/uploads\/2023\/10\/photo-46-681x1024.jpg\" alt=\"\" class=\"wp-image-212\" srcset=\"https:\/\/rotanga.fr\/wp-content\/uploads\/2023\/10\/photo-46-681x1024.jpg 681w, https:\/\/rotanga.fr\/wp-content\/uploads\/2023\/10\/photo-46-200x300.jpg 200w, https:\/\/rotanga.fr\/wp-content\/uploads\/2023\/10\/photo-46-768x1154.jpg 768w, https:\/\/rotanga.fr\/wp-content\/uploads\/2023\/10\/photo-46-1022x1536.jpg 1022w, https:\/\/rotanga.fr\/wp-content\/uploads\/2023\/10\/photo-46-1363x2048.jpg 1363w, https:\/\/rotanga.fr\/wp-content\/uploads\/2023\/10\/photo-46-scaled.jpg 1703w\" sizes=\"auto, (max-width: 681px) 100vw, 681px\" \/><\/figure>\n\n\n\n<div style=\"height:20px\" aria-hidden=\"true\" class=\"wp-block-spacer\"><\/div>\n<\/div>\n\n\n\n<div class=\"wp-block-column ticss-f6fc7494 is-layout-flow wp-block-column-is-layout-flow\">\n<figure class=\"wp-block-image is-resized icon-style is-style-rounded\"><img decoding=\"async\" src=\"https:\/\/rotanga.fr\/wp-content\/themes\/neve\/assets\/img\/starter-content\/icon-03.svg\" alt=\"\" style=\"width:48px;height:48px\"\/><\/figure>\n\n\n\n<div style=\"height:24px\" aria-hidden=\"true\" class=\"wp-block-spacer\"><\/div>\n\n\n\n<h3 class=\"wp-block-heading has-text-align-center has-neve-text-color-color has-text-color\">Le beau<\/h3>\n\n\n\n<figure class=\"wp-block-image size-large\"><img loading=\"lazy\" decoding=\"async\" width=\"681\" height=\"1024\" src=\"https:\/\/rotanga.fr\/wp-content\/uploads\/2023\/10\/photo-10-681x1024.jpg\" alt=\"\" class=\"wp-image-207\" srcset=\"https:\/\/rotanga.fr\/wp-content\/uploads\/2023\/10\/photo-10-681x1024.jpg 681w, https:\/\/rotanga.fr\/wp-content\/uploads\/2023\/10\/photo-10-200x300.jpg 200w, https:\/\/rotanga.fr\/wp-content\/uploads\/2023\/10\/photo-10-768x1154.jpg 768w, https:\/\/rotanga.fr\/wp-content\/uploads\/2023\/10\/photo-10-1022x1536.jpg 1022w, https:\/\/rotanga.fr\/wp-content\/uploads\/2023\/10\/photo-10-1363x2048.jpg 1363w, https:\/\/rotanga.fr\/wp-content\/uploads\/2023\/10\/photo-10-scaled.jpg 1703w\" sizes=\"auto, (max-width: 681px) 100vw, 681px\" \/><\/figure>\n\n\n\n<div style=\"height:20px\" aria-hidden=\"true\" class=\"wp-block-spacer\"><\/div>\n<\/div>\n\n\n\n<div class=\"wp-block-column ticss-a5b4df29 is-layout-flow wp-block-column-is-layout-flow\">\n<figure class=\"wp-block-image is-resized icon-style is-style-rounded\"><img decoding=\"async\" src=\"https:\/\/rotanga.fr\/wp-content\/themes\/neve\/assets\/img\/starter-content\/icon-03.svg\" alt=\"\" style=\"width:48px;height:48px\"\/><\/figure>\n\n\n\n<div style=\"height:24px\" aria-hidden=\"true\" class=\"wp-block-spacer\"><\/div>\n\n\n\n<h3 class=\"wp-block-heading has-text-align-center has-neve-text-color-color has-text-color\">L&#8217;exception <\/h3>\n\n\n\n<figure class=\"wp-block-image size-large\"><img loading=\"lazy\" decoding=\"async\" width=\"681\" height=\"1024\" src=\"https:\/\/rotanga.fr\/wp-content\/uploads\/2023\/10\/photo-37-681x1024.jpg\" alt=\"\" class=\"wp-image-211\" srcset=\"https:\/\/rotanga.fr\/wp-content\/uploads\/2023\/10\/photo-37-681x1024.jpg 681w, https:\/\/rotanga.fr\/wp-content\/uploads\/2023\/10\/photo-37-200x300.jpg 200w, https:\/\/rotanga.fr\/wp-content\/uploads\/2023\/10\/photo-37-768x1154.jpg 768w, https:\/\/rotanga.fr\/wp-content\/uploads\/2023\/10\/photo-37-1022x1536.jpg 1022w, https:\/\/rotanga.fr\/wp-content\/uploads\/2023\/10\/photo-37-1363x2048.jpg 1363w, https:\/\/rotanga.fr\/wp-content\/uploads\/2023\/10\/photo-37-scaled.jpg 1703w\" sizes=\"auto, (max-width: 681px) 100vw, 681px\" \/><\/figure>\n\n\n\n<div style=\"height:20px\" aria-hidden=\"true\" class=\"wp-block-spacer\"><\/div>\n<\/div>\n<\/div>\n\n\n<div class=\"wp-block-image\">\n<figure class=\"aligncenter size-full is-resized\"><img loading=\"lazy\" decoding=\"async\" width=\"500\" height=\"500\" src=\"https:\/\/rotanga.fr\/wp-content\/uploads\/2023\/09\/Logo-carre.png\" alt=\"\" class=\"wp-image-165\" style=\"width:164px;height:auto\" srcset=\"https:\/\/rotanga.fr\/wp-content\/uploads\/2023\/09\/Logo-carre.png 500w, https:\/\/rotanga.fr\/wp-content\/uploads\/2023\/09\/Logo-carre-300x300.png 300w, https:\/\/rotanga.fr\/wp-content\/uploads\/2023\/09\/Logo-carre-150x150.png 150w\" sizes=\"auto, (max-width: 500px) 100vw, 500px\" \/><\/figure><\/div>\n\n<div class=\"wp-block-image\">\n<figure class=\"aligncenter size-large\"><img loading=\"lazy\" decoding=\"async\" width=\"681\" height=\"1024\" src=\"https:\/\/rotanga.fr\/wp-content\/uploads\/2023\/10\/photo-74-681x1024.jpg\" alt=\"\" class=\"wp-image-218\" srcset=\"https:\/\/rotanga.fr\/wp-content\/uploads\/2023\/10\/photo-74-681x1024.jpg 681w, https:\/\/rotanga.fr\/wp-content\/uploads\/2023\/10\/photo-74-200x300.jpg 200w, https:\/\/rotanga.fr\/wp-content\/uploads\/2023\/10\/photo-74-768x1154.jpg 768w, https:\/\/rotanga.fr\/wp-content\/uploads\/2023\/10\/photo-74-1022x1536.jpg 1022w, https:\/\/rotanga.fr\/wp-content\/uploads\/2023\/10\/photo-74-1363x2048.jpg 1363w, https:\/\/rotanga.fr\/wp-content\/uploads\/2023\/10\/photo-74-scaled.jpg 1703w\" sizes=\"auto, (max-width: 681px) 100vw, 681px\" \/><\/figure><\/div>\n\n\n<div style=\"height:61px\" aria-hidden=\"true\" class=\"wp-block-spacer\"><\/div>\n<\/div><\/div>\n","protected":false},"excerpt":{"rendered":"","protected":false},"author":1,"featured_media":0,"parent":0,"menu_order":0,"comment_status":"closed","ping_status":"closed","template":"","meta":{"neve_meta_sidebar":"","neve_meta_container":"","neve_meta_enable_content_width":"on","neve_meta_content_width":100,"neve_meta_title_alignment":"","neve_meta_author_avatar":"","neve_post_elements_order":"","neve_meta_disable_header":"","neve_meta_disable_footer":"","neve_meta_disable_title":"on","footnotes":""},"class_list":["post-10","page","type-page","status-publish","hentry"],"_links":{"self":[{"href":"https:\/\/rotanga.fr\/index.php\/wp-json\/wp\/v2\/pages\/10","targetHints":{"allow":["GET"]}}],"collection":[{"href":"https:\/\/rotanga.fr\/index.php\/wp-json\/wp\/v2\/pages"}],"about":[{"href":"https:\/\/rotanga.fr\/index.php\/wp-json\/wp\/v2\/types\/page"}],"author":[{"embeddable":true,"href":"https:\/\/rotanga.fr\/index.php\/wp-json\/wp\/v2\/users\/1"}],"replies":[{"embeddable":true,"href":"https:\/\/rotanga.fr\/index.php\/wp-json\/wp\/v2\/comments?post=10"}],"version-history":[{"count":13,"href":"https:\/\/rotanga.fr\/index.php\/wp-json\/wp\/v2\/pages\/10\/revisions"}],"predecessor-version":[{"id":325,"href":"https:\/\/rotanga.fr\/index.php\/wp-json\/wp\/v2\/pages\/10\/revisions\/325"}],"wp:attachment":[{"href":"https:\/\/rotanga.fr\/index.php\/wp-json\/wp\/v2\/media?parent=10"}],"curies":[{"name":"wp","href":"https:\/\/api.w.org\/{rel}","templated":true}]}}